{"id":6919,"date":"2024-02-10T14:49:13","date_gmt":"2024-02-10T14:49:13","guid":{"rendered":"https:\/\/sauvagerestaurant.com.idaycareapp.com\/?page_id=6919"},"modified":"2024-11-19T14:19:09","modified_gmt":"2024-11-19T19:19:09","slug":"events","status":"publish","type":"page","link":"https:\/\/sauvagerestaurant.com\/fr\/events\/","title":{"rendered":"\u00c9v\u00e9nements"},"content":{"rendered":"<div data-elementor-type=\"wp-page\" data-elementor-id=\"6919\" class=\"elementor elementor-6919\">\n\t\t\t\t\t\t<section class=\"elementor-section elementor-top-section elementor-element elementor-element-1568180 elementor-hidden-desktop elementor-hidden-tablet elementor-hidden-mobile elementor-section-boxed elementor-section-height-default elementor-section-height-default\" data-id=\"1568180\" data-element_type=\"section\">\n\t\t\t\t\t\t<div class=\"elementor-container elementor-column-gap-default\">\n\t\t\t\t\t<div class=\"elementor-column elementor-col-50 elementor-top-column elementor-element elementor-element-53a4a6a\" data-id=\"53a4a6a\" data-element_type=\"column\">\n\t\t\t<div class=\"elementor-widget-wrap elementor-element-populated\">\n\t\t\t\t\t\t<div class=\"elementor-element elementor-element-ec5992a elementor-widget elementor-widget-image\" data-id=\"ec5992a\" data-element_type=\"widget\" data-widget_type=\"image.default\">\n\t\t\t\t<div class=\"elementor-widget-container\">\n\t\t\t\t\t\t\t\t\t\t\t\t\t<img fetchpriority=\"high\" decoding=\"async\" width=\"500\" height=\"625\" src=\"https:\/\/sauvagerestaurant.com\/wp-content\/uploads\/2024\/10\/mtl-a-table-vs-sauvage.jpg\" class=\"attachment-full size-full wp-image-9539\" alt=\"\" srcset=\"https:\/\/sauvagerestaurant.com\/wp-content\/uploads\/2024\/10\/mtl-a-table-vs-sauvage.jpg 500w, https:\/\/sauvagerestaurant.com\/wp-content\/uploads\/2024\/10\/mtl-a-table-vs-sauvage-240x300.jpg 240w, https:\/\/sauvagerestaurant.com\/wp-content\/uploads\/2024\/10\/mtl-a-table-vs-sauvage-160x200.jpg 160w, https:\/\/sauvagerestaurant.com\/wp-content\/uploads\/2024\/10\/mtl-a-table-vs-sauvage-10x12.jpg 10w, https:\/\/sauvagerestaurant.com\/wp-content\/uploads\/2024\/10\/mtl-a-table-vs-sauvage-448x560.jpg 448w, https:\/\/sauvagerestaurant.com\/wp-content\/uploads\/2024\/10\/mtl-a-table-vs-sauvage-19x24.jpg 19w, https:\/\/sauvagerestaurant.com\/wp-content\/uploads\/2024\/10\/mtl-a-table-vs-sauvage-29x36.jpg 29w, https:\/\/sauvagerestaurant.com\/wp-content\/uploads\/2024\/10\/mtl-a-table-vs-sauvage-38x48.jpg 38w\" sizes=\"(max-width: 500px) 100vw, 500px\" \/>\t\t\t\t\t\t\t\t\t\t\t\t\t<\/div>\n\t\t\t\t<\/div>\n\t\t\t\t\t<\/div>\n\t\t<\/div>\n\t\t\t\t<div class=\"elementor-column elementor-col-50 elementor-top-column elementor-element elementor-element-71a80cb\" data-id=\"71a80cb\" data-element_type=\"column\">\n\t\t\t<div class=\"elementor-widget-wrap elementor-element-populated\">\n\t\t\t\t\t\t<div class=\"elementor-element elementor-element-9232fc3 elementor-widget elementor-widget-spacer\" data-id=\"9232fc3\" data-element_type=\"widget\" data-widget_type=\"spacer.default\">\n\t\t\t\t<div class=\"elementor-widget-container\">\n\t\t\t\t\t<div class=\"elementor-spacer\">\n\t\t\t<div class=\"elementor-spacer-inner\"><\/div>\n\t\t<\/div>\n\t\t\t\t<\/div>\n\t\t\t\t<\/div>\n\t\t\t\t<div class=\"elementor-element elementor-element-2731151 elementor-widget elementor-widget-heading\" data-id=\"2731151\" data-element_type=\"widget\" data-widget_type=\"heading.default\">\n\t\t\t\t<div class=\"elementor-widget-container\">\n\t\t\t<h2 class=\"elementor-heading-title elementor-size-default\">MTL \u00e0 TABLE - 12e \u00e9dition<\/h2>\t\t<\/div>\n\t\t\t\t<\/div>\n\t\t\t\t<div class=\"elementor-element elementor-element-6f09ccc elementor-widget elementor-widget-text-editor\" data-id=\"6f09ccc\" data-element_type=\"widget\" data-widget_type=\"text-editor.default\">\n\t\t\t\t<div class=\"elementor-widget-container\">\n\t\t\t\t\t\t\t<p>Sauvage vous invite \u00e0 une exp\u00e9rience culinaire m\u00e9diterran\u00e9enne inoubliable lors de la 12e \u00e9dition de MTL\u00e0TABLE, le festival gastronomique incontournable de Montr\u00e9al! Ne manquez pas cette occasion de d\u00e9couvrir des saveurs exquises dans une ambiance envo\u00fbtante. R\u00e9servez d\u00e8s maintenant votre table pour un voyage sensoriel unique !<\/p>\t\t\t\t\t\t<\/div>\n\t\t\t\t<\/div>\n\t\t\t\t<div class=\"elementor-element elementor-element-f1d1386 elementor-align-left elementor-widget elementor-widget-button\" data-id=\"f1d1386\" data-element_type=\"widget\" data-widget_type=\"button.default\">\n\t\t\t\t<div class=\"elementor-widget-container\">\n\t\t\t\t\t<div class=\"elementor-button-wrapper\">\n\t\t\t<a class=\"elementor-button elementor-button-link elementor-size-sm\" href=\"https:\/\/sauvagerestaurant.com\/wp-content\/uploads\/2024\/10\/MTLaTable_Menu-Sauvage_AUT2024.pdf\">\n\t\t\t\t\t\t<span class=\"elementor-button-content-wrapper\">\n\t\t\t\t\t\t\t\t\t<span class=\"elementor-button-text\">D\u00e9couvrir le menu sp\u00e9cial<\/span>\n\t\t\t\t\t<\/span>\n\t\t\t\t\t<\/a>\n\t\t<\/div>\n\t\t\t\t<\/div>\n\t\t\t\t<\/div>\n\t\t\t\t\t<\/div>\n\t\t<\/div>\n\t\t\t\t\t<\/div>\n\t\t<\/section>\n\t\t\t\t<section class=\"elementor-section elementor-top-section elementor-element elementor-element-9f4d110 elementor-section-boxed elementor-section-height-default elementor-section-height-default\" data-id=\"9f4d110\" data-element_type=\"section\">\n\t\t\t\t\t\t<div class=\"elementor-container elementor-column-gap-default\">\n\t\t\t\t\t<div class=\"elementor-column elementor-col-100 elementor-top-column elementor-element elementor-element-141bee8\" data-id=\"141bee8\" data-element_type=\"column\">\n\t\t\t<div class=\"elementor-widget-wrap elementor-element-populated\">\n\t\t\t\t\t\t<div class=\"elementor-element elementor-element-edcd415 elementor-widget elementor-widget-spacer\" data-id=\"edcd415\" data-element_type=\"widget\" data-widget_type=\"spacer.default\">\n\t\t\t\t<div class=\"elementor-widget-container\">\n\t\t\t\t\t<div class=\"elementor-spacer\">\n\t\t\t<div class=\"elementor-spacer-inner\"><\/div>\n\t\t<\/div>\n\t\t\t\t<\/div>\n\t\t\t\t<\/div>\n\t\t\t\t<div class=\"elementor-element elementor-element-7828f9c elementor-widget elementor-widget-heading\" data-id=\"7828f9c\" data-element_type=\"widget\" data-widget_type=\"heading.default\">\n\t\t\t\t<div class=\"elementor-widget-container\">\n\t\t\t<h2 class=\"elementor-heading-title elementor-size-default\">\u00c9v\u00e9nements r\u00e9current<\/h2>\t\t<\/div>\n\t\t\t\t<\/div>\n\t\t\t\t\t<\/div>\n\t\t<\/div>\n\t\t\t\t\t<\/div>\n\t\t<\/section>\n\t\t\t\t<section class=\"elementor-section elementor-top-section elementor-element elementor-element-eaea5c6 elementor-section-boxed elementor-section-height-default elementor-section-height-default\" data-id=\"eaea5c6\" data-element_type=\"section\">\n\t\t\t\t\t\t<div class=\"elementor-container elementor-column-gap-default\">\n\t\t\t\t\t<div class=\"elementor-column elementor-col-25 elementor-top-column elementor-element elementor-element-a716db4\" data-id=\"a716db4\" data-element_type=\"column\">\n\t\t\t<div class=\"elementor-widget-wrap elementor-element-populated\">\n\t\t\t\t\t\t<div class=\"elementor-element elementor-element-6133f9d elementor-widget elementor-widget-video\" data-id=\"6133f9d\" data-element_type=\"widget\" data-settings=\"{&quot;video_type&quot;:&quot;hosted&quot;,&quot;play_on_mobile&quot;:&quot;yes&quot;,&quot;autoplay&quot;:&quot;yes&quot;,&quot;mute&quot;:&quot;yes&quot;,&quot;loop&quot;:&quot;yes&quot;}\" data-widget_type=\"video.default\">\n\t\t\t\t<div class=\"elementor-widget-container\">\n\t\t\t\t\t<div class=\"e-hosted-video elementor-wrapper elementor-open-inline\">\n\t\t\t\t\t<video class=\"elementor-video\" src=\"https:\/\/sauvagerestaurant.com\/wp-content\/uploads\/2024\/10\/Vendredi-Antidote_1.mp4\" autoplay=\"\" loop=\"\" muted=\"muted\" playsinline=\"\" controlslist=\"nodownload\"><\/video>\n\t\t\t\t<\/div>\n\t\t\t\t<\/div>\n\t\t\t\t<\/div>\n\t\t\t\t<div class=\"elementor-element elementor-element-f58fd50 elementor-widget elementor-widget-text-editor\" data-id=\"f58fd50\" data-element_type=\"widget\" data-widget_type=\"text-editor.default\">\n\t\t\t\t<div class=\"elementor-widget-container\">\n\t\t\t\t\t\t\t<p>Tous les vendredis, Antidote : Une ambiance de musique afro et fran\u00e7aise.<\/p>\t\t\t\t\t\t<\/div>\n\t\t\t\t<\/div>\n\t\t\t\t\t<\/div>\n\t\t<\/div>\n\t\t\t\t<div class=\"elementor-column elementor-col-25 elementor-top-column elementor-element elementor-element-db372c0\" data-id=\"db372c0\" data-element_type=\"column\">\n\t\t\t<div class=\"elementor-widget-wrap elementor-element-populated\">\n\t\t\t\t\t\t<div class=\"elementor-element elementor-element-7ba9a0b elementor-widget elementor-widget-video\" data-id=\"7ba9a0b\" data-element_type=\"widget\" data-settings=\"{&quot;video_type&quot;:&quot;hosted&quot;,&quot;play_on_mobile&quot;:&quot;yes&quot;,&quot;autoplay&quot;:&quot;yes&quot;,&quot;mute&quot;:&quot;yes&quot;,&quot;loop&quot;:&quot;yes&quot;}\" data-widget_type=\"video.default\">\n\t\t\t\t<div class=\"elementor-widget-container\">\n\t\t\t\t\t<div class=\"e-hosted-video elementor-wrapper elementor-open-inline\">\n\t\t\t\t\t<video class=\"elementor-video\" src=\"https:\/\/sauvagerestaurant.com\/wp-content\/uploads\/2024\/10\/dimanche-amapiano_1.mp4\" autoplay=\"\" loop=\"\" muted=\"muted\" playsinline=\"\" controlslist=\"nodownload\"><\/video>\n\t\t\t\t<\/div>\n\t\t\t\t<\/div>\n\t\t\t\t<\/div>\n\t\t\t\t<div class=\"elementor-element elementor-element-ee32c43 elementor-widget elementor-widget-text-editor\" data-id=\"ee32c43\" data-element_type=\"widget\" data-widget_type=\"text-editor.default\">\n\t\t\t\t<div class=\"elementor-widget-container\">\n\t\t\t\t\t\t\t<p>Tous les dimanches, Amapiano : C'est de la musique afro et amapiano.<\/p>\t\t\t\t\t\t<\/div>\n\t\t\t\t<\/div>\n\t\t\t\t\t<\/div>\n\t\t<\/div>\n\t\t\t\t<div class=\"elementor-column elementor-col-25 elementor-top-column elementor-element elementor-element-cae4bb4\" data-id=\"cae4bb4\" data-element_type=\"column\">\n\t\t\t<div class=\"elementor-widget-wrap\">\n\t\t\t\t\t\t\t<\/div>\n\t\t<\/div>\n\t\t\t\t<div class=\"elementor-column elementor-col-25 elementor-top-column elementor-element elementor-element-0b8a552\" data-id=\"0b8a552\" data-element_type=\"column\">\n\t\t\t<div class=\"elementor-widget-wrap\">\n\t\t\t\t\t\t\t<\/div>\n\t\t<\/div>\n\t\t\t\t\t<\/div>\n\t\t<\/section>\n\t\t\t\t<section class=\"elementor-section elementor-top-section elementor-element elementor-element-f013251 elementor-section-boxed elementor-section-height-default elementor-section-height-default\" data-id=\"f013251\" data-element_type=\"section\">\n\t\t\t\t\t\t<div class=\"elementor-container elementor-column-gap-default\">\n\t\t\t\t\t<div class=\"elementor-column elementor-col-100 elementor-top-column elementor-element elementor-element-5d6a292\" data-id=\"5d6a292\" data-element_type=\"column\">\n\t\t\t<div class=\"elementor-widget-wrap elementor-element-populated\">\n\t\t\t\t\t\t<div class=\"elementor-element elementor-element-a35d0b7 elementor-align-center elementor-widget elementor-widget-button\" data-id=\"a35d0b7\" data-element_type=\"widget\" data-widget_type=\"button.default\">\n\t\t\t\t<div class=\"elementor-widget-container\">\n\t\t\t\t\t<div class=\"elementor-button-wrapper\">\n\t\t\t<a class=\"elementor-button elementor-button-link elementor-size-md\" href=\"https:\/\/sauvagerestaurant.com\/fr\/reservation\/\">\n\t\t\t\t\t\t<span class=\"elementor-button-content-wrapper\">\n\t\t\t\t\t\t\t\t\t<span class=\"elementor-button-text\">R\u00e9server une table<\/span>\n\t\t\t\t\t<\/span>\n\t\t\t\t\t<\/a>\n\t\t<\/div>\n\t\t\t\t<\/div>\n\t\t\t\t<\/div>\n\t\t\t\t\t<\/div>\n\t\t<\/div>\n\t\t\t\t\t<\/div>\n\t\t<\/section>\n\t\t\t\t<\/div>","protected":false},"excerpt":{"rendered":"<p>MTL \u00e0 TABLE &#8211; 12th edition Sauvage invites you to an unforgettable Mediterranean culinary experience at the 12th edition of MTL\u00e0TABLE, Montreal\u2019s must-attend gastronomic festival! Don\u2019t miss the chance to savor exquisite flavors in a captivating atmosphere. Book your table now for a unique sensory journey! Discover our special menu [&hellip;]<\/p>","protected":false},"author":1,"featured_media":0,"parent":0,"menu_order":0,"comment_status":"closed","ping_status":"closed","template":"","meta":{"footnotes":""},"class_list":["post-6919","page","type-page","status-publish","hentry"],"_links":{"self":[{"href":"https:\/\/sauvagerestaurant.com\/fr\/wp-json\/wp\/v2\/pages\/6919","targetHints":{"allow":["GET"]}}],"collection":[{"href":"https:\/\/sauvagerestaurant.com\/fr\/wp-json\/wp\/v2\/pages"}],"about":[{"href":"https:\/\/sauvagerestaurant.com\/fr\/wp-json\/wp\/v2\/types\/page"}],"author":[{"embeddable":true,"href":"https:\/\/sauvagerestaurant.com\/fr\/wp-json\/wp\/v2\/users\/1"}],"replies":[{"embeddable":true,"href":"https:\/\/sauvagerestaurant.com\/fr\/wp-json\/wp\/v2\/comments?post=6919"}],"version-history":[{"count":0,"href":"https:\/\/sauvagerestaurant.com\/fr\/wp-json\/wp\/v2\/pages\/6919\/revisions"}],"wp:attachment":[{"href":"https:\/\/sauvagerestaurant.com\/fr\/wp-json\/wp\/v2\/media?parent=6919"}],"curies":[{"name":"wp","href":"https:\/\/api.w.org\/{rel}","templated":true}]}}